{"id":9,"date":"2025-09-19T06:39:29","date_gmt":"2025-09-19T06:39:29","guid":{"rendered":"https:\/\/harinera.sotdweb.com.mx\/?page_id=9"},"modified":"2025-12-17T22:33:31","modified_gmt":"2025-12-17T22:33:31","slug":"inicio","status":"publish","type":"page","link":"https:\/\/sorteo.harinasriosol.com\/","title":{"rendered":"Inicio"},"content":{"rendered":"<p>[et_pb_section fb_built=&#8221;1&#8243; custom_padding_last_edited=&#8221;on|phone&#8221; background_color_2=&#8221;#FFFFFF&#8221; padding_top_2=&#8221;70px&#8221; padding_right_2=&#8221;60px&#8221; padding_bottom_2=&#8221;70px&#8221; padding_top_bottom_link_2=&#8221;true&#8221; padding_left_right_link_2=&#8221;false&#8221; admin_label=&#8221;Header&#8221; _builder_version=&#8221;4.18.0&#8243; _module_preset=&#8221;default&#8221; background_image=&#8221;https:\/\/sorteo.harinasriosol.com\/wp-content\/uploads\/2025\/12\/Seccion-inicio-cenefa-scaled.png&#8221; background_size=&#8221;initial&#8221; background_position=&#8221;top_center&#8221; background_repeat=&#8221;repeat-x&#8221; custom_padding=&#8221;32px||32px||true|false&#8221; custom_padding_tablet=&#8221;80px||80px||true|false&#8221; custom_padding_phone=&#8221;||||false|false&#8221; background_last_edited=&#8221;on|phone&#8221; use_background_color_gradient_tablet=&#8221;off&#8221; global_colors_info=&#8221;{}&#8221;][et_pb_row column_structure=&#8221;1_2,1_2&#8243; custom_padding_last_edited=&#8221;on|phone&#8221; _builder_version=&#8221;4.18.0&#8243; _module_preset=&#8221;default&#8221; background_color=&#8221;#FFFFFF&#8221; width=&#8221;100%&#8221; max_width=&#8221;1500px&#8221; custom_padding=&#8221;40px|40px|40px|40px|false|true&#8221; custom_padding_tablet=&#8221;|30px||30px|true|true&#8221; custom_padding_phone=&#8221;40px|20px|40px|20px|true|true&#8221; global_colors_info=&#8221;{}&#8221;][et_pb_column type=&#8221;1_2&#8243; _builder_version=&#8221;4.16&#8243; _module_preset=&#8221;default&#8221; global_colors_info=&#8221;{}&#8221;][et_pb_image src=&#8221;https:\/\/sorteo.harinasriosol.com\/wp-content\/uploads\/2025\/10\/Riosol_Sorteo_Titular.png&#8221; title_text=&#8221;Riosol_Sorteo_Titular&#8221; _builder_version=&#8221;4.18.0&#8243; _module_preset=&#8221;default&#8221; max_width=&#8221;62%&#8221; module_alignment=&#8221;center&#8221; global_colors_info=&#8221;{}&#8221;][\/et_pb_image][et_pb_text _builder_version=&#8221;4.18.0&#8243; _module_preset=&#8221;102bef9d-a6b9-41f0-af77-1ed5b7bd0593&#8243; text_font=&#8221;Hind||||||||&#8221; text_text_color=&#8221;#000000&#8243; text_font_size=&#8221;19px&#8221; text_line_height=&#8221;1.8em&#8221; text_font_size_tablet=&#8221;15px&#8221; text_font_size_phone=&#8221;14px&#8221; text_font_size_last_edited=&#8221;on|desktop&#8221; locked=&#8221;off&#8221; global_colors_info=&#8221;{}&#8221;]<\/p>\n<p style=\"text-align: center;\"><span style=\"font-size: xx-large;\"><strong>\u00a1Bienvenido al registro!\u00a0<\/strong><\/span><\/p>\n<p style=\"text-align: center;\">Hoy queremos premiar tu preferencia y tu confianza en nosotros<\/p>\n<p>&nbsp;<\/p>\n<p>Para participar, es muy sencillo. Solo tienes que llenar el siguiente formulario con tus datos y la informaci\u00f3n de tu cup\u00f3n.<\/p>\n<p>Una vez que completes el formulario, <b>se te generar\u00e1 en pantalla un folio digital \u00fanico, el cual te llegar\u00e1 por correo electr\u00f3nico<\/b>. Este folio ser\u00e1 tu n\u00famero de participaci\u00f3n para el sorteo, as\u00ed que aseg\u00farate de guardarlo bien.<\/p>\n<p>&nbsp;<\/p>\n<p style=\"text-align: center;\"><span style=\"color: #e02b20; font-size: x-large;\"><strong>\u00a1Mucha suerte!<\/strong><\/span><\/p>\n<p>[\/et_pb_text][\/et_pb_column][et_pb_column type=&#8221;1_2&#8243; _builder_version=&#8221;4.16&#8243; _module_preset=&#8221;default&#8221; global_colors_info=&#8221;{}&#8221;][et_pb_image src=&#8221;https:\/\/sorteo.harinasriosol.com\/wp-content\/uploads\/2025\/10\/Riosol_Premios_2.png&#8221; title_text=&#8221;Riosol_Premios_2&#8243; force_fullwidth=&#8221;on&#8221; _builder_version=&#8221;4.18.0&#8243; _module_preset=&#8221;default&#8221; global_colors_info=&#8221;{}&#8221;][\/et_pb_image][et_pb_button button_url=&#8221;https:\/\/sorteo.harinasriosol.com\/?page_id=64&#8243; button_text=&#8221;Registra tu cup\u00f3n&#8221; button_alignment=&#8221;center&#8221; _builder_version=&#8221;4.18.0&#8243; _module_preset=&#8221;default&#8221; custom_button=&#8221;on&#8221; button_text_color=&#8221;#FFFFFF&#8221; button_bg_color=&#8221;#E09900&#8243; global_colors_info=&#8221;{}&#8221;][\/et_pb_button][\/et_pb_column][\/et_pb_row][\/et_pb_section][et_pb_section fb_built=&#8221;1&#8243; admin_label=&#8221;Footer&#8221; _builder_version=&#8221;4.18.0&#8243; _module_preset=&#8221;default&#8221; background_enable_color=&#8221;off&#8221; use_background_color_gradient=&#8221;on&#8221; background_color_gradient_direction=&#8221;90deg&#8221; background_color_gradient_stops=&#8221;rgba(17,24,33,0.3) 0%|#111821 70%&#8221; background_color_gradient_overlays_image=&#8221;on&#8221; background_color_gradient_start=&#8221;rgba(17,24,33,0.3)&#8221; background_color_gradient_end=&#8221;#111821&#8243; background_color_gradient_end_position=&#8221;70%&#8221; background_enable_image=&#8221;off&#8221; background_size=&#8221;initial&#8221; background_position=&#8221;center_left&#8221; custom_margin=&#8221;3vw||||false|false&#8221; custom_padding=&#8221;0px||||false|false&#8221; box_shadow_style=&#8221;preset7&#8243; box_shadow_horizontal=&#8221;0px&#8221; box_shadow_vertical=&#8221;130px&#8221; box_shadow_color=&#8221;#FFFFFF&#8221; saved_tabs=&#8221;all&#8221; locked=&#8221;off&#8221; global_colors_info=&#8221;{}&#8221;][\/et_pb_section]<\/p>\n","protected":false},"excerpt":{"rendered":"<p>\u00a1Bienvenido al registro!\u00a0 Hoy queremos premiar tu preferencia y tu confianza en nosotros &nbsp; Para participar, es muy sencillo. Solo tienes que llenar el siguiente formulario con tus datos y la informaci\u00f3n de tu cup\u00f3n. Una vez que completes el formulario, se te generar\u00e1 en pantalla un folio digital \u00fanico, el cual te llegar\u00e1 por [&hellip;]<\/p>\n","protected":false},"author":9,"featured_media":0,"parent":0,"menu_order":0,"comment_status":"closed","ping_status":"closed","template":"","meta":{"_et_pb_use_builder":"on","_et_pb_old_content":"","_et_gb_content_width":"","footnotes":""},"class_list":["post-9","page","type-page","status-publish","hentry"],"_links":{"self":[{"href":"https:\/\/sorteo.harinasriosol.com\/index.php?rest_route=\/wp\/v2\/pages\/9","targetHints":{"allow":["GET"]}}],"collection":[{"href":"https:\/\/sorteo.harinasriosol.com\/index.php?rest_route=\/wp\/v2\/pages"}],"about":[{"href":"https:\/\/sorteo.harinasriosol.com\/index.php?rest_route=\/wp\/v2\/types\/page"}],"author":[{"embeddable":true,"href":"https:\/\/sorteo.harinasriosol.com\/index.php?rest_route=\/wp\/v2\/users\/9"}],"replies":[{"embeddable":true,"href":"https:\/\/sorteo.harinasriosol.com\/index.php?rest_route=%2Fwp%2Fv2%2Fcomments&post=9"}],"version-history":[{"count":18,"href":"https:\/\/sorteo.harinasriosol.com\/index.php?rest_route=\/wp\/v2\/pages\/9\/revisions"}],"predecessor-version":[{"id":106,"href":"https:\/\/sorteo.harinasriosol.com\/index.php?rest_route=\/wp\/v2\/pages\/9\/revisions\/106"}],"wp:attachment":[{"href":"https:\/\/sorteo.harinasriosol.com\/index.php?rest_route=%2Fwp%2Fv2%2Fmedia&parent=9"}],"curies":[{"name":"wp","href":"https:\/\/api.w.org\/{rel}","templated":true}]}}